{"id":3,"date":"2020-05-16T16:16:04","date_gmt":"2020-05-16T14:16:04","guid":{"rendered":"http:\/\/www.datenleben.de\/?page_id=3"},"modified":"2023-12-13T11:42:22","modified_gmt":"2023-12-13T10:42:22","slug":"datenschutzerklaerung","status":"publish","type":"page","link":"https:\/\/www.datenleben.de\/index.php\/datenschutzerklaerung\/","title":{"rendered":"Datenschutzerkl\u00e4rung"},"content":{"rendered":"\n<h2 class=\"wp-block-heading\">Wer wir sind<\/h2>\n\n\n<p>Die Adresse unserer Website ist: http:\/\/www.datenleben.de.<\/p>\n\n\n<h2 class=\"wp-block-heading\">Welche personenbezogenen Daten wir sammeln und warum wir sie sammeln<\/h2>\n\n\n<h3 class=\"wp-block-heading\">Kommentare<\/h3>\n\n\n<p>Wenn Besucher Kommentare auf der Website schreiben, sammeln wir die Daten, die im Kommentar-Formular angezeigt werden, au\u00dferdem die IP-Adresse des Besuchers und den User-Agent-String (damit wird der Browser identifiziert), um die Erkennung von Spam zu unterst\u00fctzen.<\/p>\n\n\n<p>Aus deiner E-Mail-Adresse kann eine anonymisierte Zeichenfolge erstellt (auch Hash genannt) und dem Gravatar-Dienst \u00fcbergeben werden, um zu pr\u00fcfen, ob du diesen benutzt. Die Datenschutzerkl\u00e4rung des Gravatar-Dienstes findest du hier: https:\/\/automattic.com\/privacy\/. Nachdem dein Kommentar freigegeben wurde, ist dein Profilbild \u00f6ffentlich im Kontext deines Kommentars sichtbar.<\/p>\n\n\n<h3 class=\"wp-block-heading\">Cookies<\/h3>\n\n\n<p>Wenn du einen Kommentar auf unserer Website schreibst, kann das eine Einwilligung sein, deinen Namen, E-Mail-Adresse und Website in Cookies zu speichern. Dies ist eine Komfortfunktion, damit du nicht, wenn du einen weiteren Kommentar schreibst, all diese Daten erneut eingeben musst. Diese Cookies werden ein Jahr lang gespeichert.m<\/p>\n\n\n<h3 class=\"wp-block-heading\">Eingebettete Inhalte von anderen Websites<\/h3>\n\n\n<p>Beitr\u00e4ge auf dieser Website k\u00f6nnen eingebettete Inhalte beinhalten (z.&nbsp;B. Videos, Bilder, Beitr\u00e4ge etc.). Eingebettete Inhalte von anderen Websites verhalten sich exakt so, als ob der Besucher die andere Website besucht h\u00e4tte.<\/p>\n\n\n<p>Diese Websites k\u00f6nnen Daten \u00fcber dich sammeln, Cookies benutzen, zus\u00e4tzliche Tracking-Dienste von Dritten einbetten und deine Interaktion mit diesem eingebetteten Inhalt aufzeichnen, inklusive deiner Interaktion mit dem eingebetteten Inhalt, falls du ein Konto hast und auf dieser Website angemeldet bist.<\/p>\n\n\n<h3 class=\"wp-block-heading\"><\/h3>\n\n\n<h2 class=\"wp-block-heading\">Mit wem wir deine Daten teilen<\/h2>\n\n\n<p><strong>Podlove<\/strong><\/p>\n\n\n<p>Sowohl <strong>Podlove Subscribe Button<\/strong> als auch <strong>Podlove Web Player<\/strong> werden von <a href=\"https:\/\/www.keycdn.com\">keycdn.com<\/a> (<a href=\"https:\/\/www.keycdn.com\/gdpr\">keycdn GDPR-Stellungnahme<\/a>) ausgeliefert.<\/p>\n\n\n<p>Podlove Publisher erfasst Downloadstatistiken. IP-Adressen werden benutzt, um die geographische Verortung zu sch\u00e4tzen (Stadt \/ Land).<\/p>\n\n\n<p>IP-Adressen werden kurzzeitig (bis zu 48 Stunden) als Teil einer Request-ID gespeichert. Das ist notwendig, damit der\/die Podcast-Betreiber\/in die Tragf\u00e4higkeit seiner\/ihrer Bem\u00fchungen nachvollziehen kann.<\/p>\n\n\n<p>Um realistische Downloadzahlen zu ermitteln, muss das System erneuten Zugriff auf die gleiche Datei vom selben Nutzer erkennen k\u00f6nnen. Der einzige verl\u00e4ssliche Weg, dies zu erreichen, ist, die IP-Adresse zusammen mit dem User-Agent zu betrachten. Eine anonymisierte IP-Adresse zu benutzen ist nicht m\u00f6glich, da dies zu falschen Ergebnissen f\u00fchren w\u00fcrde. Ein Zugriff auf die gleiche Datei vom selben Nutzer an verschiedenen Tagen kann als separater Download betrachtet werden. Darum gen\u00fcgt es, IP-Adressen lediglich f\u00fcr bis zu 48 Stunden vorzuhalten.<\/p>\n\n\n<p>Nach 48 Stunden werden Request-IDs anonymisiert. Dadurch ist es unm\u00f6glich, die urspr\u00fcnglich enthaltene IP-Adresse wiederherzustellen.<\/p>\n\n\n<p>Der User-Agent des genutzten Browsers wird auch gespeichert.<\/p>\n\n\n<h2 class=\"wp-block-heading\">Wie lange wir deine Daten speichern<\/h2>\n\n\n<p>Wenn du einen Kommentar schreibst, wird dieser inklusive Metadaten zeitlich unbegrenzt gespeichert. Auf diese Art k\u00f6nnen wir Folgekommentare automatisch erkennen und freigeben, anstelle sie in einer Moderations-Warteschlange festzuhalten.<\/p>\n\n\n<h2 class=\"wp-block-heading\">Welche Rechte du an deinen Daten hast<\/h2>\n\n\n<p>Wenn du ein Konto auf dieser Website besitzt oder Kommentare geschrieben hast, kannst du einen Export deiner personenbezogenen Daten bei uns anfordern, inklusive aller Daten, die du uns mitgeteilt hast. Dar\u00fcber hinaus kannst du die L\u00f6schung aller personenbezogenen Daten, die wir von dir gespeichert haben, anfordern. Dies umfasst nicht die Daten, die wir aufgrund administrativer, rechtlicher oder sicherheitsrelevanter Notwendigkeiten aufbewahren m\u00fcssen.<\/p>\n\n\n<h2 class=\"wp-block-heading\">Verantwortliche f\u00fcr Datenschutz<\/h2>\n\n\n<p>Helena Schmidt<br>Im Busche 2<br>30926 Seelze<\/p>\n\n\n<p>Telefon: 0160\/6242779<\/p>\n\n\n<p>E-Mail: helena@datenleben.de<\/p>\n\n\n<p><\/p>\n","protected":false},"excerpt":{"rendered":"<p>Wer wir sind Die Adresse unserer Website ist: http:\/\/www.datenleben.de. Welche personenbezogenen Daten wir sammeln und warum wir sie sammeln Kommentare Wenn Besucher Kommentare auf der Website schreiben, sammeln wir die Daten, die im Kommentar-Formular angezeigt werden, au\u00dferdem die IP-Adresse des Besuchers und den User-Agent-String (damit wird der Browser identifiziert), um die Erkennung von Spam zu &hellip; <\/p>\n<p class=\"read-more\"><a class=\"readmore-btn\" href=\"https:\/\/www.datenleben.de\/index.php\/datenschutzerklaerung\/\">+<span class=\"screen-reader-text\">  Read More<\/span><\/a><\/p>\n","protected":false},"author":1,"featured_media":0,"parent":0,"menu_order":0,"comment_status":"closed","ping_status":"open","template":"","meta":{"footnotes":""},"class_list":["post-3","page","type-page","status-publish","hentry"],"_links":{"self":[{"href":"https:\/\/www.datenleben.de\/index.php\/wp-json\/wp\/v2\/pages\/3","targetHints":{"allow":["GET"]}}],"collection":[{"href":"https:\/\/www.datenleben.de\/index.php\/wp-json\/wp\/v2\/pages"}],"about":[{"href":"https:\/\/www.datenleben.de\/index.php\/wp-json\/wp\/v2\/types\/page"}],"author":[{"embeddable":true,"href":"https:\/\/www.datenleben.de\/index.php\/wp-json\/wp\/v2\/users\/1"}],"replies":[{"embeddable":true,"href":"https:\/\/www.datenleben.de\/index.php\/wp-json\/wp\/v2\/comments?post=3"}],"version-history":[{"count":6,"href":"https:\/\/www.datenleben.de\/index.php\/wp-json\/wp\/v2\/pages\/3\/revisions"}],"predecessor-version":[{"id":836,"href":"https:\/\/www.datenleben.de\/index.php\/wp-json\/wp\/v2\/pages\/3\/revisions\/836"}],"wp:attachment":[{"href":"https:\/\/www.datenleben.de\/index.php\/wp-json\/wp\/v2\/media?parent=3"}],"curies":[{"name":"wp","href":"https:\/\/api.w.org\/{rel}","templated":true}]}}